{"id":29136,"date":"2026-01-03T14:44:08","date_gmt":"2026-01-03T14:44:08","guid":{"rendered":"https:\/\/iys.vedatkeskin.com.tr\/?page_id=29136"},"modified":"2026-01-03T15:36:49","modified_gmt":"2026-01-03T15:36:49","slug":"calismalarim","status":"publish","type":"page","link":"https:\/\/iys.vedatkeskin.com.tr\/?page_id=29136","title":{"rendered":"\u00c7al\u0131\u015fmalar\u0131m"},"content":{"rendered":"\t\t<div data-elementor-type=\"wp-page\" data-elementor-id=\"29136\" class=\"elementor elementor-29136\">\n\t\t\t\t<div class=\"wd-negative-gap elementor-element elementor-element-26a9bcc e-grid e-con-boxed e-con e-parent\" data-id=\"26a9bcc\" data-element_type=\"container\">\n\t\t\t\t\t<div class=\"e-con-inner\">\n\t\t\t\t<div class=\"elementor-element elementor-element-5313a27 elementor-widget elementor-widget-wd_infobox\" data-id=\"5313a27\" data-element_type=\"widget\" data-widget_type=\"wd_infobox.default\">\n\t\t\t\t<div class=\"elementor-widget-container\">\n\t\t\t\t\t\t\t<div class=\"info-box-wrapper\">\n\t\t\t<div class=\"wd-info-box text-center box-icon-align-top box-style-base color-scheme- with-btn box-btn-static\">\n\t\t\t\t\t\t\t\t\t<div class=\"box-icon-wrapper  box-with-icon box-icon-simple\">\n\t\t\t\t\t\t<div class=\"info-box-icon\">\n\t\t\t\t\t\t\t\t\t\t\t\t\t\t\t<img loading=\"lazy\" decoding=\"async\" width=\"150\" height=\"150\" src=\"https:\/\/iys.vedatkeskin.com.tr\/wp-content\/uploads\/2026\/01\/desktop-pc_9600872-150x150.png\" class=\"attachment-thumbnail size-thumbnail\" alt=\"\" srcset=\"https:\/\/iys.vedatkeskin.com.tr\/wp-content\/uploads\/2026\/01\/desktop-pc_9600872-150x150.png 150w, https:\/\/iys.vedatkeskin.com.tr\/wp-content\/uploads\/2026\/01\/desktop-pc_9600872-300x300.png 300w, https:\/\/iys.vedatkeskin.com.tr\/wp-content\/uploads\/2026\/01\/desktop-pc_9600872-430x430.png 430w, https:\/\/iys.vedatkeskin.com.tr\/wp-content\/uploads\/2026\/01\/desktop-pc_9600872.png 512w\" sizes=\"auto, (max-width: 150px) 100vw, 150px\" \/>\t\t\t\t\t\t\t\t\t\t\t\t\t<\/div>\n\t\t\t\t\t<\/div>\n\t\t\t\t\n\t\t\t\t<div class=\"info-box-content\">\n\t\t\t\t\t\t\t\t\t\t\t\n\t\t\t\t\t\t<div class=\"info-box-subtitle subtitle-color-default subtitle-style-default wd-fontsize-xs\"\n\t\t\t\t\t\t\t  data-elementor-setting-key=\"subtitle\">\n\t\t\t\t\t\t\tVedat Keskin\t\t\t\t\t\t<\/div>\n\t\t\t\t\t\n\t\t\t\t\t\t\t\t\t\t\t<h4\t\t\t\t\t\tclass=\"info-box-title title box-title-style-default wd-fontsize-m\" data-elementor-setting-key=\"title\">\n\t\t\t\t\t\t\t\tKi\u015fisel Web Sitesi\t\t\t\t\t\t<\/h4>\n\t\t\t\t\t\n\t\t\t\t\t<div class=\"info-box-inner reset-last-child\"data-elementor-setting-key=\"content\"><p>Html5, Css3 Kullanarak kendimi tan\u0131tt\u0131\u011f\u0131m web edit\u00f6r\u00fc dersinde yapt\u0131\u011f\u0131m ki\u015fisel web sitesi <a href=\"https:\/\/vedatkeskin.com.t\">vedatkeskin.com.tr<\/a><\/p>\n<\/div>\n\n\t\t\t\t\t\t\t\t\t\t\t<div class=\"info-btn-wrapper\">\n\t\t\t\t\t\t\t\t\t<div class=\"wd-button-wrapper text-center\" >\n\t\t\t<a class=\"btn btn-style-default btn-shape-rectangle btn-size-default btn-icon-pos-right\"  href=\"#\">\n\t\t\t\t<span class=\"wd-btn-text\" data-elementor-setting-key=\"text\">\n\t\t\t\t\tRead more\t\t\t\t<\/span>\n\n\t\t\t\t\t\t\t<\/a>\n\t\t<\/div>\n\t\t\t\t\t\t\t\t<\/div>\n\t\t\t\t\t\t\t\t\t<\/div>\n\n\t\t\t\t\t\t\t<\/div>\n\t\t<\/div>\n\t\t\t\t\t\t<\/div>\n\t\t\t\t<\/div>\n\t\t\t\t<div class=\"elementor-element elementor-element-8312820 elementor-widget elementor-widget-wd_infobox\" data-id=\"8312820\" data-element_type=\"widget\" data-widget_type=\"wd_infobox.default\">\n\t\t\t\t<div class=\"elementor-widget-container\">\n\t\t\t\t\t\t\t<div class=\"info-box-wrapper\">\n\t\t\t<div class=\"wd-info-box text-center box-icon-align-top box-style-base color-scheme- with-btn box-btn-static\">\n\t\t\t\t\t\t\t\t\t<div class=\"box-icon-wrapper  box-with-icon box-icon-simple\">\n\t\t\t\t\t\t<div class=\"info-box-icon\">\n\t\t\t\t\t\t\t\t\t\t\t\t\t\t\t<img loading=\"lazy\" decoding=\"async\" width=\"150\" height=\"150\" src=\"https:\/\/iys.vedatkeskin.com.tr\/wp-content\/uploads\/2026\/01\/appointment_9750553-150x150.png\" class=\"attachment-thumbnail size-thumbnail\" alt=\"\" srcset=\"https:\/\/iys.vedatkeskin.com.tr\/wp-content\/uploads\/2026\/01\/appointment_9750553-150x150.png 150w, https:\/\/iys.vedatkeskin.com.tr\/wp-content\/uploads\/2026\/01\/appointment_9750553-300x300.png 300w, https:\/\/iys.vedatkeskin.com.tr\/wp-content\/uploads\/2026\/01\/appointment_9750553-430x430.png 430w, https:\/\/iys.vedatkeskin.com.tr\/wp-content\/uploads\/2026\/01\/appointment_9750553.png 512w\" sizes=\"auto, (max-width: 150px) 100vw, 150px\" \/>\t\t\t\t\t\t\t\t\t\t\t\t\t<\/div>\n\t\t\t\t\t<\/div>\n\t\t\t\t\n\t\t\t\t<div class=\"info-box-content\">\n\t\t\t\t\t\t\t\t\t\t\t\n\t\t\t\t\t\t<div class=\"info-box-subtitle subtitle-color-default subtitle-style-default wd-fontsize-xs\"\n\t\t\t\t\t\t\t  data-elementor-setting-key=\"subtitle\">\n\t\t\t\t\t\t\tVedat Keskin\t\t\t\t\t\t<\/div>\n\t\t\t\t\t\n\t\t\t\t\t\t\t\t\t\t\t<h4\t\t\t\t\t\tclass=\"info-box-title title box-title-style-default wd-fontsize-m\" data-elementor-setting-key=\"title\">\n\t\t\t\t\t\t\t\tRandevu Sistemi\t\t\t\t\t\t<\/h4>\n\t\t\t\t\t\n\t\t\t\t\t<div class=\"info-box-inner reset-last-child\"data-elementor-setting-key=\"content\"><p>CI3 Kullanarak MVC format\u0131nda yapt\u0131\u011f\u0131m bir randevu alma sistemi.<\/p>\n<\/div>\n\n\t\t\t\t\t\t\t\t\t\t\t<div class=\"info-btn-wrapper\">\n\t\t\t\t\t\t\t\t\t<div class=\"wd-button-wrapper text-center\" >\n\t\t\t<a class=\"btn btn-style-default btn-shape-rectangle btn-size-default btn-icon-pos-right\"  href=\"#\">\n\t\t\t\t<span class=\"wd-btn-text\" data-elementor-setting-key=\"text\">\n\t\t\t\t\tRead more\t\t\t\t<\/span>\n\n\t\t\t\t\t\t\t<\/a>\n\t\t<\/div>\n\t\t\t\t\t\t\t\t<\/div>\n\t\t\t\t\t\t\t\t\t<\/div>\n\n\t\t\t\t\t\t\t<\/div>\n\t\t<\/div>\n\t\t\t\t\t\t<\/div>\n\t\t\t\t<\/div>\n\t\t\t\t\t<\/div>\n\t\t\t\t<\/div>\n\t\t\t\t<\/div>\n\t\t","protected":false},"excerpt":{"rendered":"<p>Vedat Keskin Ki\u015fisel Web Sitesi Html5, Css3 Kullanarak kendimi tan\u0131tt\u0131\u011f\u0131m web edit\u00f6r\u00fc dersinde yapt\u0131\u011f\u0131m ki\u015fisel web sitesi vedatkeskin.com.tr Read more<\/p>\n","protected":false},"author":1,"featured_media":0,"parent":0,"menu_order":0,"comment_status":"closed","ping_status":"closed","template":"","meta":{"footnotes":""},"class_list":["post-29136","page","type-page","status-publish","hentry"],"_links":{"self":[{"href":"https:\/\/iys.vedatkeskin.com.tr\/index.php?rest_route=\/wp\/v2\/pages\/29136","targetHints":{"allow":["GET"]}}],"collection":[{"href":"https:\/\/iys.vedatkeskin.com.tr\/index.php?rest_route=\/wp\/v2\/pages"}],"about":[{"href":"https:\/\/iys.vedatkeskin.com.tr\/index.php?rest_route=\/wp\/v2\/types\/page"}],"author":[{"embeddable":true,"href":"https:\/\/iys.vedatkeskin.com.tr\/index.php?rest_route=\/wp\/v2\/users\/1"}],"replies":[{"embeddable":true,"href":"https:\/\/iys.vedatkeskin.com.tr\/index.php?rest_route=%2Fwp%2Fv2%2Fcomments&post=29136"}],"version-history":[{"count":7,"href":"https:\/\/iys.vedatkeskin.com.tr\/index.php?rest_route=\/wp\/v2\/pages\/29136\/revisions"}],"predecessor-version":[{"id":29149,"href":"https:\/\/iys.vedatkeskin.com.tr\/index.php?rest_route=\/wp\/v2\/pages\/29136\/revisions\/29149"}],"wp:attachment":[{"href":"https:\/\/iys.vedatkeskin.com.tr\/index.php?rest_route=%2Fwp%2Fv2%2Fmedia&parent=29136"}],"curies":[{"name":"wp","href":"https:\/\/api.w.org\/{rel}","templated":true}]}}