{"id":38,"date":"2021-08-26T12:19:34","date_gmt":"2021-08-26T12:19:34","guid":{"rendered":"http:\/\/dummy.xtemos.com\/woodmart2\/elementor\/?page_id=38"},"modified":"2026-01-03T18:45:20","modified_gmt":"2026-01-03T18:45:20","slug":"blog","status":"publish","type":"page","link":"https:\/\/iys.vedatkeskin.com.tr\/?page_id=38","title":{"rendered":"Hakk\u0131mda"},"content":{"rendered":"\t\t<div data-elementor-type=\"wp-page\" data-elementor-id=\"38\" class=\"elementor elementor-38\">\n\t\t\t\t<div class=\"wd-negative-gap elementor-element elementor-element-c838fbc e-grid e-con-boxed e-con e-parent\" data-id=\"c838fbc\" data-element_type=\"container\">\n\t\t\t\t\t<div class=\"e-con-inner\">\n\t\t\t\t<div class=\"elementor-element elementor-element-2efec11 elementor-widget elementor-widget-wd_text_block\" data-id=\"2efec11\" data-element_type=\"widget\" data-widget_type=\"wd_text_block.default\">\n\t\t\t\t<div class=\"elementor-widget-container\">\n\t\t\t\t\t\t\t<div class=\"wd-text-block reset-last-child text-left\">\n\t\t\t\n\t\t\t<p><strong>2005 y\u0131l\u0131nda Manisa Turgutlu'<\/strong><strong>da do\u011fup b\u00fcy\u00fcd\u00fcm.2023 y\u0131l\u0131nda liseden mezun olup, 2024-2025 y\u0131l\u0131nda \u00fcniversite s\u0131nav\u0131na girip Ayd\u0131n Adnan Menderes \u00dcniversitesinde Bilgisayar Programc\u0131l\u0131\u011f\u0131 b\u00f6l\u00fcm\u00fcn\u00fc kazand\u0131m. 1. s\u0131n\u0131fta ge\u00e7irdi\u011fim \u00e7apraz ba\u011f ameliyat\u0131 y\u00fcz\u00fcnden ilk d\u00f6nem okula devam edemedim. \u0130yile\u015ftikten sonra ikinci d\u00f6nem tekrardan okuluma devam ettim. \u015euan 2. s\u0131n\u0131f olarak e\u011fitimime devam ediyorum.<\/strong><\/p>\n\t\t\t\t\t<\/div>\n\t\t\t\t\t\t<\/div>\n\t\t\t\t<\/div>\n\t\t\t\t<div class=\"elementor-element elementor-element-3dc4391 elementor-widget elementor-widget-image\" data-id=\"3dc4391\" data-element_type=\"widget\" data-widget_type=\"image.default\">\n\t\t\t\t\t\t\t\t\t\t\t\t\t\t\t<img loading=\"lazy\" decoding=\"async\" width=\"873\" height=\"800\" src=\"https:\/\/iys.vedatkeskin.com.tr\/wp-content\/uploads\/2026\/01\/Gemini_Generated_Image_d8jvjrd8jvjrd8jv-873x800.png\" class=\"attachment-large size-large wp-image-29055\" alt=\"\" srcset=\"https:\/\/iys.vedatkeskin.com.tr\/wp-content\/uploads\/2026\/01\/Gemini_Generated_Image_d8jvjrd8jvjrd8jv-873x800.png 873w, https:\/\/iys.vedatkeskin.com.tr\/wp-content\/uploads\/2026\/01\/Gemini_Generated_Image_d8jvjrd8jvjrd8jv-328x300.png 328w, https:\/\/iys.vedatkeskin.com.tr\/wp-content\/uploads\/2026\/01\/Gemini_Generated_Image_d8jvjrd8jvjrd8jv-768x704.png 768w, https:\/\/iys.vedatkeskin.com.tr\/wp-content\/uploads\/2026\/01\/Gemini_Generated_Image_d8jvjrd8jvjrd8jv-430x394.png 430w, https:\/\/iys.vedatkeskin.com.tr\/wp-content\/uploads\/2026\/01\/Gemini_Generated_Image_d8jvjrd8jvjrd8jv-700x641.png 700w, https:\/\/iys.vedatkeskin.com.tr\/wp-content\/uploads\/2026\/01\/Gemini_Generated_Image_d8jvjrd8jvjrd8jv-150x137.png 150w, https:\/\/iys.vedatkeskin.com.tr\/wp-content\/uploads\/2026\/01\/Gemini_Generated_Image_d8jvjrd8jvjrd8jv.png 1024w\" sizes=\"auto, (max-width: 873px) 100vw, 873px\" \/>\t\t\t\t\t\t\t\t\t\t\t\t\t\t\t<\/div>\n\t\t\t\t\t<\/div>\n\t\t\t\t<\/div>\n\t\t\t\t<\/div>\n\t\t","protected":false},"excerpt":{"rendered":"<p>2005 y\u0131l\u0131nda Manisa Turgutlu&#8217;da do\u011fup b\u00fcy\u00fcd\u00fcm.2023 y\u0131l\u0131nda liseden mezun olup, 2024-2025 y\u0131l\u0131nda \u00fcniversite s\u0131nav\u0131na girip Ayd\u0131n Adnan Menderes \u00dcniversitesinde Bilgisayar<\/p>\n","protected":false},"author":1,"featured_media":0,"parent":0,"menu_order":0,"comment_status":"closed","ping_status":"closed","template":"","meta":{"footnotes":""},"class_list":["post-38","page","type-page","status-publish","hentry"],"_links":{"self":[{"href":"https:\/\/iys.vedatkeskin.com.tr\/index.php?rest_route=\/wp\/v2\/pages\/38","targetHints":{"allow":["GET"]}}],"collection":[{"href":"https:\/\/iys.vedatkeskin.com.tr\/index.php?rest_route=\/wp\/v2\/pages"}],"about":[{"href":"https:\/\/iys.vedatkeskin.com.tr\/index.php?rest_route=\/wp\/v2\/types\/page"}],"author":[{"embeddable":true,"href":"https:\/\/iys.vedatkeskin.com.tr\/index.php?rest_route=\/wp\/v2\/users\/1"}],"replies":[{"embeddable":true,"href":"https:\/\/iys.vedatkeskin.com.tr\/index.php?rest_route=%2Fwp%2Fv2%2Fcomments&post=38"}],"version-history":[{"count":10,"href":"https:\/\/iys.vedatkeskin.com.tr\/index.php?rest_route=\/wp\/v2\/pages\/38\/revisions"}],"predecessor-version":[{"id":29160,"href":"https:\/\/iys.vedatkeskin.com.tr\/index.php?rest_route=\/wp\/v2\/pages\/38\/revisions\/29160"}],"wp:attachment":[{"href":"https:\/\/iys.vedatkeskin.com.tr\/index.php?rest_route=%2Fwp%2Fv2%2Fmedia&parent=38"}],"curies":[{"name":"wp","href":"https:\/\/api.w.org\/{rel}","templated":true}]}}