{"id":4439,"date":"2021-10-12T16:27:24","date_gmt":"2021-10-12T16:27:24","guid":{"rendered":"http:\/\/dummy.xtemos.com\/woodmart2\/elementor\/?page_id=4439"},"modified":"2026-01-02T12:07:46","modified_gmt":"2026-01-02T12:07:46","slug":"contact-us","status":"publish","type":"page","link":"https:\/\/iys.vedatkeskin.com.tr\/?page_id=4439","title":{"rendered":"\u0130leti\u015fim"},"content":{"rendered":"\t\t<div data-elementor-type=\"wp-page\" data-elementor-id=\"4439\" class=\"elementor elementor-4439\">\n\t\t\t\t<div class=\"wd-negative-gap elementor-element elementor-element-2f16861 e-flex e-con-boxed e-con e-parent\" data-id=\"2f16861\" data-element_type=\"container\">\n\t\t\t\t\t<div class=\"e-con-inner\">\n\t\t\t\t<div class=\"elementor-element elementor-element-2c0d3e9 elementor-widget elementor-widget-google_maps\" data-id=\"2c0d3e9\" data-element_type=\"widget\" data-widget_type=\"google_maps.default\">\n\t\t\t\t\t\t\t<div class=\"elementor-custom-embed\">\n\t\t\t<iframe loading=\"lazy\"\n\t\t\t\t\tsrc=\"https:\/\/maps.google.com\/maps?q=Ayd%C4%B1n%20Efeler%20AD%C3%9C%20MESLEK%20Y%C3%9CKSEK%20OKULU&#038;t=m&#038;z=10&#038;output=embed&#038;iwloc=near\"\n\t\t\t\t\ttitle=\"Ayd\u0131n Efeler AD\u00dc MESLEK Y\u00dcKSEK OKULU\"\n\t\t\t\t\taria-label=\"Ayd\u0131n Efeler AD\u00dc MESLEK Y\u00dcKSEK OKULU\"\n\t\t\t><\/iframe>\n\t\t<\/div>\n\t\t\t\t\t\t<\/div>\n\t\t\t\t\t<\/div>\n\t\t\t\t<\/div>\n\t\t<div class=\"wd-negative-gap elementor-element elementor-element-0c95b54 e-flex e-con-boxed e-con e-parent\" data-id=\"0c95b54\" data-element_type=\"container\">\n\t\t\t\t\t<div class=\"e-con-inner\">\n\t\t\t\t<div class=\"elementor-element elementor-element-086bd4b elementor-widget elementor-widget-html\" data-id=\"086bd4b\" data-element_type=\"widget\" data-widget_type=\"html.default\">\n\t\t\t\t\t<style>\r\n    .vedat-form {\r\n        background: white;\r\n        padding: 30px;\r\n        border-radius: 10px;\r\n        box-shadow: 0 0 20px rgba(0,0,0,0.1);\r\n        max-width: 500px;\r\n        margin: 50px auto 20px; \/* Haritan\u0131n \u00fczerine \u00e7\u0131kar\u0131r *\/\r\n        position: relative;\r\n        z-index: 99;\r\n    }\r\n    .vedat-form input, .vedat-form textarea {\r\n        width: 100%;\r\n        margin-bottom: 15px;\r\n        padding: 10px;\r\n        border: 1px solid #ddd;\r\n        border-radius: 5px;\r\n    }\r\n    .vedat-form button {\r\n        background: #0073aa;\r\n        color: white;\r\n        border: none;\r\n        padding: 10px 20px;\r\n        border-radius: 5px;\r\n        cursor: pointer;\r\n        width: 100%;\r\n    }\r\n<\/style>\r\n\r\n<div class=\"vedat-form\">\r\n    <h3>\u0130leti\u015fim Formu<\/h3>\r\n    <input type=\"text\" placeholder=\"Ad\u0131n\u0131z Soyad\u0131n\u0131z\">\r\n    <input type=\"email\" placeholder=\"E-posta Adresiniz\">\r\n    <textarea placeholder=\"Mesaj\u0131n\u0131z\" rows=\"4\"><\/textarea>\r\n    <button type=\"submit\">MESAJI G\u00d6NDER<\/button>\r\n<\/div>\t\t\t\t<\/div>\n\t\t\t\t\t<\/div>\n\t\t\t\t<\/div>\n\t\t\t\t<\/div>\n\t\t","protected":false},"excerpt":{"rendered":"<p>\u0130leti\u015fim Formu MESAJI G\u00d6NDER<\/p>\n","protected":false},"author":1,"featured_media":0,"parent":0,"menu_order":0,"comment_status":"closed","ping_status":"closed","template":"","meta":{"footnotes":""},"class_list":["post-4439","page","type-page","status-publish","hentry"],"_links":{"self":[{"href":"https:\/\/iys.vedatkeskin.com.tr\/index.php?rest_route=\/wp\/v2\/pages\/4439","targetHints":{"allow":["GET"]}}],"collection":[{"href":"https:\/\/iys.vedatkeskin.com.tr\/index.php?rest_route=\/wp\/v2\/pages"}],"about":[{"href":"https:\/\/iys.vedatkeskin.com.tr\/index.php?rest_route=\/wp\/v2\/types\/page"}],"author":[{"embeddable":true,"href":"https:\/\/iys.vedatkeskin.com.tr\/index.php?rest_route=\/wp\/v2\/users\/1"}],"replies":[{"embeddable":true,"href":"https:\/\/iys.vedatkeskin.com.tr\/index.php?rest_route=%2Fwp%2Fv2%2Fcomments&post=4439"}],"version-history":[{"count":10,"href":"https:\/\/iys.vedatkeskin.com.tr\/index.php?rest_route=\/wp\/v2\/pages\/4439\/revisions"}],"predecessor-version":[{"id":29121,"href":"https:\/\/iys.vedatkeskin.com.tr\/index.php?rest_route=\/wp\/v2\/pages\/4439\/revisions\/29121"}],"wp:attachment":[{"href":"https:\/\/iys.vedatkeskin.com.tr\/index.php?rest_route=%2Fwp%2Fv2%2Fmedia&parent=4439"}],"curies":[{"name":"wp","href":"https:\/\/api.w.org\/{rel}","templated":true}]}}