{"id":896,"date":"2021-08-31T16:42:39","date_gmt":"2021-08-31T16:42:39","guid":{"rendered":"http:\/\/dummy.xtemos.com\/woodmart2\/elementor\/?page_id=896"},"modified":"2026-01-02T12:05:36","modified_gmt":"2026-01-02T12:05:36","slug":"home-minimalism","status":"publish","type":"page","link":"https:\/\/iys.vedatkeskin.com.tr\/","title":{"rendered":"Anasayfa"},"content":{"rendered":"\t\t<div data-elementor-type=\"wp-page\" data-elementor-id=\"896\" class=\"elementor elementor-896\">\n\t\t\t\t<div class=\"wd-negative-gap elementor-element elementor-element-b8c441e e-flex e-con-boxed e-con e-parent\" data-id=\"b8c441e\" data-element_type=\"container\">\n\t\t\t\t\t<div class=\"e-con-inner\">\n\t\t\t\t<div class=\"elementor-element elementor-element-72f1e05 wd-width-100 elementor-widget elementor-widget-wd_title\" data-id=\"72f1e05\" data-element_type=\"widget\" data-widget_type=\"wd_title.default\">\n\t\t\t\t<div class=\"elementor-widget-container\">\n\t\t\t\t\t\t\t<div class=\"title-wrapper wd-set-mb reset-last-child wd-title-color-default wd-title-style-default wd-title-size-large text-left\">\n\n\t\t\t\t\t\t\t\t\t\t\t<div class=\"title-subtitle subtitle-color-default subtitle-style-default wd-fontsize-xs\">\n\t\t\t\t\tVEDAT KESK\u0130N\t\t\t\t<\/div>\n\t\t\t\n\t\t\t<div class=\"liner-continer\">\n\t\t\t\t<h5 class=\"woodmart-title-container title wd-fontsize-xxl\">Yaz\u0131l\u0131m D\u00fcnyama Ho\u015fgeldiniz.<\/h5> \n\t\t\t\t\t\t\t<\/div>\n\n\t\t\t\t\t<\/div>\n\t\t\t\t\t\t<\/div>\n\t\t\t\t<\/div>\n\t\t\t\t\t<\/div>\n\t\t\t\t<\/div>\n\t\t<div class=\"wd-negative-gap elementor-element elementor-element-907dcbe e-flex e-con-boxed e-con e-parent\" data-id=\"907dcbe\" data-element_type=\"container\">\n\t\t\t\t\t<div class=\"e-con-inner\">\n\t\t\t\t\t<\/div>\n\t\t\t\t<\/div>\n\t\t<div class=\"wd-negative-gap elementor-element elementor-element-d105f27 e-flex e-con-boxed e-con e-parent\" data-id=\"d105f27\" data-element_type=\"container\">\n\t\t\t\t\t<div class=\"e-con-inner\">\n\t\t\t\t<div class=\"elementor-element elementor-element-92afebc elementor-widget elementor-widget-image\" data-id=\"92afebc\" data-element_type=\"widget\" data-widget_type=\"image.default\">\n\t\t\t\t\t\t\t\t\t\t\t\t\t\t\t<img loading=\"lazy\" decoding=\"async\" width=\"886\" height=\"800\" src=\"https:\/\/iys.vedatkeskin.com.tr\/wp-content\/uploads\/2026\/01\/Gemini_Generated_Image_7wywac7wywac7wyw-1-886x800.png\" class=\"attachment-large size-large wp-image-29038\" alt=\"\" srcset=\"https:\/\/iys.vedatkeskin.com.tr\/wp-content\/uploads\/2026\/01\/Gemini_Generated_Image_7wywac7wywac7wyw-1-886x800.png 886w, https:\/\/iys.vedatkeskin.com.tr\/wp-content\/uploads\/2026\/01\/Gemini_Generated_Image_7wywac7wywac7wyw-1-332x300.png 332w, https:\/\/iys.vedatkeskin.com.tr\/wp-content\/uploads\/2026\/01\/Gemini_Generated_Image_7wywac7wywac7wyw-1-768x694.png 768w, https:\/\/iys.vedatkeskin.com.tr\/wp-content\/uploads\/2026\/01\/Gemini_Generated_Image_7wywac7wywac7wyw-1-430x388.png 430w, https:\/\/iys.vedatkeskin.com.tr\/wp-content\/uploads\/2026\/01\/Gemini_Generated_Image_7wywac7wywac7wyw-1-700x632.png 700w, https:\/\/iys.vedatkeskin.com.tr\/wp-content\/uploads\/2026\/01\/Gemini_Generated_Image_7wywac7wywac7wyw-1-150x135.png 150w, https:\/\/iys.vedatkeskin.com.tr\/wp-content\/uploads\/2026\/01\/Gemini_Generated_Image_7wywac7wywac7wyw-1.png 1024w\" sizes=\"auto, (max-width: 886px) 100vw, 886px\" \/>\t\t\t\t\t\t\t\t\t\t\t\t\t\t\t<\/div>\n\t\t\t\t<div class=\"elementor-element elementor-element-1c2592d elementor-widget elementor-widget-wd_text_block\" data-id=\"1c2592d\" data-element_type=\"widget\" data-widget_type=\"wd_text_block.default\">\n\t\t\t\t<div class=\"elementor-widget-container\">\n\t\t\t\t\t\t\t<div class=\"wd-text-block reset-last-child text-left\">\n\t\t\t\n\t\t\t<div class=\"editor-visual-editor__post-title-wrapper edit-post-visual-editor__post-title-wrapper\" contenteditable=\"false\"><h1 class=\"wp-block wp-block-post-title block-editor-block-list__block editor-post-title editor-post-title__input rich-text\" role=\"textbox\" contenteditable=\"true\" aria-label=\"Add title\" aria-multiline=\"true\">Merhaba...<\/h1><\/div><div class=\"is-root-container is-desktop-preview is-layout-flow wp-block-post-content-is-layout-flow wp-block-post-content block-editor-block-list__layout\"><p id=\"block-86ca70e6-640d-4989-bed9-5ad4fcddbca3\" class=\"block-editor-rich-text__editable block-editor-block-list__block wp-block is-selected wp-block-paragraph rich-text\" role=\"document\" contenteditable=\"true\" aria-multiline=\"true\" aria-readonly=\"false\" aria-label=\"Block: Paragraph\" data-block=\"86ca70e6-640d-4989-bed9-5ad4fcddbca3\" data-type=\"core\/paragraph\" data-title=\"Paragraph\" data-empty=\"false\" data-wp-block-attribute-key=\"content\"><strong>Ben Vedat Keskin. Ayd\u0131n Adnan Menderes \u00dcniversitesi Bilgisayar Programc\u0131l\u0131\u011f\u0131 2. s\u0131n\u0131f \u00f6\u011frencisi olarak, wordpress ile yapt\u0131\u011f\u0131m ilk sitem.(\"Bu site, Web Projesi dersi final \u00f6devi kapsam\u0131nda Vedat Keskin taraf\u0131ndan haz\u0131rlanm\u0131\u015ft\u0131r.\")<\/strong><\/p><\/div>\n\t\t\t\t\t<\/div>\n\t\t\t\t\t\t<\/div>\n\t\t\t\t<\/div>\n\t\t\t\t\t<\/div>\n\t\t\t\t<\/div>\n\t\t\t\t<\/div>\n\t\t","protected":false},"excerpt":{"rendered":"<p>VEDAT KESK\u0130N Yaz\u0131l\u0131m D\u00fcnyama Ho\u015fgeldiniz. Merhaba&#8230; Ben Vedat Keskin. Ayd\u0131n Adnan Menderes \u00dcniversitesi Bilgisayar Programc\u0131l\u0131\u011f\u0131 2. s\u0131n\u0131f \u00f6\u011frencisi olarak, wordpress<\/p>\n","protected":false},"author":1,"featured_media":0,"parent":0,"menu_order":0,"comment_status":"closed","ping_status":"closed","template":"","meta":{"footnotes":""},"class_list":["post-896","page","type-page","status-publish","hentry"],"_links":{"self":[{"href":"https:\/\/iys.vedatkeskin.com.tr\/index.php?rest_route=\/wp\/v2\/pages\/896","targetHints":{"allow":["GET"]}}],"collection":[{"href":"https:\/\/iys.vedatkeskin.com.tr\/index.php?rest_route=\/wp\/v2\/pages"}],"about":[{"href":"https:\/\/iys.vedatkeskin.com.tr\/index.php?rest_route=\/wp\/v2\/types\/page"}],"author":[{"embeddable":true,"href":"https:\/\/iys.vedatkeskin.com.tr\/index.php?rest_route=\/wp\/v2\/users\/1"}],"replies":[{"embeddable":true,"href":"https:\/\/iys.vedatkeskin.com.tr\/index.php?rest_route=%2Fwp%2Fv2%2Fcomments&post=896"}],"version-history":[{"count":16,"href":"https:\/\/iys.vedatkeskin.com.tr\/index.php?rest_route=\/wp\/v2\/pages\/896\/revisions"}],"predecessor-version":[{"id":29119,"href":"https:\/\/iys.vedatkeskin.com.tr\/index.php?rest_route=\/wp\/v2\/pages\/896\/revisions\/29119"}],"wp:attachment":[{"href":"https:\/\/iys.vedatkeskin.com.tr\/index.php?rest_route=%2Fwp%2Fv2%2Fmedia&parent=896"}],"curies":[{"name":"wp","href":"https:\/\/api.w.org\/{rel}","templated":true}]}}